{"id":1071,"date":"2020-06-03T15:31:31","date_gmt":"2020-06-03T15:31:31","guid":{"rendered":"http:\/\/ergo-plus-seating.de\/?page_id=1071"},"modified":"2022-09-02T07:48:17","modified_gmt":"2022-09-02T07:48:17","slug":"team","status":"publish","type":"page","link":"https:\/\/ergo-plus-seating.de\/?page_id=1071","title":{"rendered":"Team"},"content":{"rendered":"[vc_row][vc_column][vc_custom_heading text=&#8220;EIN FOKUSSIERTES TEAM VOLLER LEIDENSCHAFT&#8220; google_fonts=&#8220;font_family:Droid%20Sans%3Aregular%2C700|font_style:400%20regular%3A400%3Anormal&#8220;][\/vc_column][\/vc_row][vc_row][vc_column width=&#8220;1\/3&#8243;]<div class=\"gem-textbox \"  ><div class=\"gem-textbox-inner\" style=\"\"><div class=\"gem-textbox-content\" style=\"background-color: #f4f6f7;background-image: url(https:\/\/ergo-plus-seating.de\/wp-content\/uploads\/2020\/11\/Shape_29_copy_5.png);background-repeat: no-repeat; background-size: contain;background-position: center top;\"><div class=\"gem-image gem-wrapbox gem-wrapbox-style-default gem-wrapbox-position-below\"  style=\"width: 300px;height: 300px;\"><div class=\"gem-wrapbox-inner \" ><img class=\"gem-wrapbox-element img-responsive\" src=\"https:\/\/ergo-plus-seating.de\/wp-content\/uploads\/2020\/06\/Joachim-Stolz-CEO-ergo-plus-seating.png\" alt=\"\"\/><\/div><\/div><\/div><\/div><\/div>[vc_row_inner][vc_column_inner][vc_custom_heading text=&#8220;JOACHIM STOLZ&#8220; font_container=&#8220;tag:h4|text_align:center|color:%231e73be&#8220; google_fonts=&#8220;font_family:Droid%20Sans%3Aregular%2C700|font_style:400%20regular%3A400%3Anormal&#8220;][vc_custom_heading text=&#8220;GESCH\u00c4FTSF\u00dcHRER&#8220; font_container=&#8220;tag:h5|text_align:center&#8220; google_fonts=&#8220;font_family:Droid%20Sans%3Aregular%2C700|font_style:400%20regular%3A400%3Anormal&#8220;][\/vc_column_inner][\/vc_row_inner][\/vc_column][vc_column width=&#8220;1\/3&#8243;]<div class=\"gem-textbox \"  ><div class=\"gem-textbox-inner\" style=\"\"><div class=\"gem-textbox-content\" style=\"background-color: #f4f6f7;background-image: url(https:\/\/ergo-plus-seating.de\/wp-content\/uploads\/2020\/11\/Shape_29_copy_5.png);background-repeat: no-repeat; background-size: cover;background-position: center top;\"><div class=\"gem-image gem-wrapbox gem-wrapbox-style-default gem-wrapbox-position-below\"  style=\"width: 300px;height: 300px;\"><div class=\"gem-wrapbox-inner \" ><img class=\"gem-wrapbox-element img-responsive\" src=\"https:\/\/ergo-plus-seating.de\/wp-content\/uploads\/2020\/06\/Phillip-Klein-Entwicklung.png\" alt=\"\"\/><\/div><\/div><\/div><\/div><\/div>[vc_row_inner][vc_column_inner][vc_custom_heading text=&#8220;PHILIPP KLEIN&#8220; font_container=&#8220;tag:h4|text_align:center|color:%231e73be&#8220; google_fonts=&#8220;font_family:Droid%20Sans%3Aregular%2C700|font_style:400%20regular%3A400%3Anormal&#8220;][vc_custom_heading text=&#8220;TECHNIK&#8220; font_container=&#8220;tag:h5|text_align:center&#8220; google_fonts=&#8220;font_family:Droid%20Sans%3Aregular%2C700|font_style:400%20regular%3A400%3Anormal&#8220;][\/vc_column_inner][\/vc_row_inner][\/vc_column][vc_column width=&#8220;1\/3&#8243;]<div class=\"gem-textbox \"  ><div class=\"gem-textbox-inner\" style=\"\"><div class=\"gem-textbox-content\" style=\"background-color: #f4f6f7;background-image: url(https:\/\/ergo-plus-seating.de\/wp-content\/uploads\/2018\/12\/Shape_29_copy_5-e1604995217437.png);background-repeat: no-repeat; background-size: cover;background-position: center top;\"><div class=\"gem-image gem-wrapbox gem-wrapbox-style-default gem-wrapbox-position-below\"  style=\"width: 300px;height: 300px;\"><div class=\"gem-wrapbox-inner \" ><img class=\"gem-wrapbox-element img-responsive\" src=\"https:\/\/ergo-plus-seating.de\/wp-content\/uploads\/2020\/06\/Rein-Reuhl.png\" alt=\"\"\/><\/div><\/div><\/div><\/div><\/div>[vc_row_inner][vc_column_inner][vc_custom_heading text=&#8220;REINHARD REUHL&#8220; font_container=&#8220;tag:h4|text_align:center|color:%231e73be&#8220; google_fonts=&#8220;font_family:Droid%20Sans%3Aregular%2C700|font_style:400%20regular%3A400%3Anormal&#8220;][vc_custom_heading text=&#8220;FINANZEN&#8220; font_container=&#8220;tag:h5|text_align:center&#8220; google_fonts=&#8220;font_family:Droid%20Sans%3Aregular%2C700|font_style:400%20regular%3A400%3Anormal&#8220;][\/vc_column_inner][\/vc_row_inner][\/vc_column][\/vc_row][vc_row][vc_column][vc_column_text]Hinter jeder Sitzl\u00f6sung stehen, aber sitzen auch Mitarbeiter, die Zeit und Leidenschaft in Ihren Stuhl investieren. Wir freuen uns \u00fcber jeden, dem wir mit einer Sitzl\u00f6sung den Alltag bei der Arbeit oder auch daheim erleichtern d\u00fcrfen.[\/vc_column_text][\/vc_column][\/vc_row]\n","protected":false},"excerpt":{"rendered":"<p>[vc_row][vc_column][vc_custom_heading text=&#8220;EIN FOKUSSIERTES TEAM VOLLER LEIDENSCHAFT&#8220; google_fonts=&#8220;font_family:Droid%20Sans%3Aregular%2C700|font_style:400%20regular%3A400%3Anormal&#8220;][\/vc_column][\/vc_row][vc_row][vc_column width=&#8220;1\/3&#8243;][vc_row_inner][vc_column_inner][vc_custom_heading text=&#8220;JOACHIM STOLZ&#8220; font_container=&#8220;tag:h4|text_align:center|color:%231e73be&#8220; google_fonts=&#8220;font_family:Droid%20Sans%3Aregular%2C700|font_style:400%20regular%3A400%3Anormal&#8220;][vc_custom_heading text=&#8220;GESCH\u00c4FTSF\u00dcHRER&#8220; font_container=&#8220;tag:h5|text_align:center&#8220; google_fonts=&#8220;font_family:Droid%20Sans%3Aregular%2C700|font_style:400%20regular%3A400%3Anormal&#8220;][\/vc_column_inner][\/vc_row_inner][\/vc_column][vc_column width=&#8220;1\/3&#8243;][vc_row_inner][vc_column_inner][vc_custom_heading text=&#8220;PHILIPP KLEIN&#8220; font_container=&#8220;tag:h4|text_align:center|color:%231e73be&#8220; google_fonts=&#8220;font_family:Droid%20Sans%3Aregular%2C700|font_style:400%20regular%3A400%3Anormal&#8220;][vc_custom_heading&#8230;<\/p>\n","protected":false},"author":1,"featured_media":0,"parent":0,"menu_order":0,"comment_status":"closed","ping_status":"closed","template":"","meta":[],"_links":{"self":[{"href":"https:\/\/ergo-plus-seating.de\/index.php?rest_route=\/wp\/v2\/pages\/1071"}],"collection":[{"href":"https:\/\/ergo-plus-seating.de\/index.php?rest_route=\/wp\/v2\/pages"}],"about":[{"href":"https:\/\/ergo-plus-seating.de\/index.php?rest_route=\/wp\/v2\/types\/page"}],"author":[{"embeddable":true,"href":"https:\/\/ergo-plus-seating.de\/index.php?rest_route=\/wp\/v2\/users\/1"}],"replies":[{"embeddable":true,"href":"https:\/\/ergo-plus-seating.de\/index.php?rest_route=%2Fwp%2Fv2%2Fcomments&post=1071"}],"version-history":[{"count":56,"href":"https:\/\/ergo-plus-seating.de\/index.php?rest_route=\/wp\/v2\/pages\/1071\/revisions"}],"predecessor-version":[{"id":1776,"href":"https:\/\/ergo-plus-seating.de\/index.php?rest_route=\/wp\/v2\/pages\/1071\/revisions\/1776"}],"wp:attachment":[{"href":"https:\/\/ergo-plus-seating.de\/index.php?rest_route=%2Fwp%2Fv2%2Fmedia&parent=1071"}],"curies":[{"name":"wp","href":"https:\/\/api.w.org\/{rel}","templated":true}]}}