{"id":1032,"date":"2020-06-03T14:03:30","date_gmt":"2020-06-03T14:03:30","guid":{"rendered":"http:\/\/ergo-plus-seating.de\/?page_id=1032"},"modified":"2020-11-26T08:40:18","modified_gmt":"2020-11-26T08:40:18","slug":"pose-bogen","status":"publish","type":"page","link":"https:\/\/ergo-plus-seating.de\/?page_id=1032","title":{"rendered":"POSE Bogen"},"content":{"rendered":"[vc_row full_width=&#8220;stretch_row&#8220; css=&#8220;.vc_custom_1605523080865{background-image: url(http:\/\/ergo-plus-seating.de\/wp-content\/uploads\/2020\/10\/03.jpg?id=1512) !important;}&#8220;][vc_column css=&#8220;.vc_custom_1605523509251{padding-top: 50px !important;padding-bottom: 40px !important;}&#8220;][vc_column_text]\n<h1 style=\"text-align: center;\"><span style=\"color: #ffffff;\">Nur 4 Schritte entfernt von Ihrer Sitzl\u00f6sung<\/span><\/h1>\n[\/vc_column_text][\/vc_column][\/vc_row][vc_row full_width=&#8220;stretch_row&#8220; css=&#8220;.vc_custom_1605254969401{padding-top: 40px !important;padding-bottom: 40px !important;}&#8220;][vc_column][\/vc_column][\/vc_row][vc_row css=&#8220;.vc_custom_1605265228801{background-image: url(http:\/\/ergo-plus-seating.de\/wp-content\/uploads\/2020\/11\/Langer-Pfeil-2.png?id=1614) !important;background-position: center !important;background-repeat: no-repeat !important;background-size: cover !important;}&#8220;][vc_column width=&#8220;1\/4&#8243;][vc_custom_heading text=&#8220;POSE BOGEN&#8220; font_container=&#8220;tag:h4|text_align:left&#8220; google_fonts=&#8220;font_family:Droid%20Sans%3Aregular%2C700|font_style:400%20regular%3A400%3Anormal&#8220;][vc_separator][vc_column_text]<span style=\"color: #4b516b;\">Ihre neue Sitzl\u00f6sung muss so individuell sein, wie Ihre orthop\u00e4dische \/ neurologische Anforderung, deswegen ist die Vorbereitung und Planung Ihrer L\u00f6sung entscheidend. Unser POSE Bogen skizziert die wichtigsten Daten und ist somit Basis f\u00fcr eine erfolgreiche, individuelle L\u00f6sung.<\/span>[\/vc_column_text][\/vc_column][vc_column width=&#8220;1\/4&#8243;][vc_custom_heading text=&#8220;ANGEBOT&#8220; font_container=&#8220;tag:h4|text_align:left&#8220; google_fonts=&#8220;font_family:Droid%20Sans%3Aregular%2C700|font_style:400%20regular%3A400%3Anormal&#8220;][vc_separator][vc_column_text]<span style=\"color: #4b516b;\">Ein perfekt auf Ihre Herausforderung abgestimmtes, individuelles Angebot, das von unseren Spezialisten mit viel Herz, Leidenschaft und vor allem Fachkompetenz erstellt wurde, illustriert noch einmal Ihre Sitzl\u00f6sung, die Vorfreude auf eine verbesserte Lebensqualit\u00e4t andeutet.<\/span>[\/vc_column_text][\/vc_column][vc_column width=&#8220;1\/4&#8243;][vc_custom_heading text=&#8220;ANPASSUNG&#8220; font_container=&#8220;tag:h4|text_align:left&#8220; google_fonts=&#8220;font_family:Droid%20Sans%3Aregular%2C700|font_style:400%20regular%3A400%3Anormal&#8220;][vc_separator][vc_column_text]<span style=\"color: #4b516b;\">Damit alles perfekt &#8222;sitzt&#8220;, ist eine pers\u00f6nliche Anpassung vor Ort ein wichtiger Service von Ergo Plus und somit nicht nur eine Sicherheit f\u00fcr Sie, sondern auch ein Baustein von unserem Erfolgsrezept. Obwohl der Vergleich mit einem Schuhkauf sehr fern liegt, ist es vielleicht nachvollziehbar, dass ein individuell angepasster Schuh sicherlich besser passt und angenehmer zu tragen ist, als ein auf Verdacht gekaufter Schuh im Internet.<\/span>[\/vc_column_text][\/vc_column][vc_column width=&#8220;1\/4&#8243;][vc_custom_heading text=&#8220;EINWEISUNG&#8220; font_container=&#8220;tag:h4|text_align:left&#8220; google_fonts=&#8220;font_family:Droid%20Sans%3Aregular%2C700|font_style:400%20regular%3A400%3Anormal&#8220;][vc_separator][vc_column_text]<span style=\"color: #4b516b;\">Auch im letzten Schritt lassen wir Sie nicht sitzen und helfen Ihnen auch bei dem Antrag f\u00fcr eine Kosten\u00fcbernahme Ihrer Sitzl\u00f6sung . In vielen F\u00e4llen \u00fcbernimmt n\u00e4mlich Ihre Krankenkasse die kompletten Kosten f\u00fcr Ihren neuen Stuhl<\/span>[\/vc_column_text][\/vc_column][\/vc_row][vc_row][vc_column][vc_empty_space height=&#8220;100&#8243;][\/vc_column][\/vc_row][vc_row][vc_column][vc_column_text]\n<h2>SITZL\u00d6SUNGEN NACH Mass<\/h2>\n[\/vc_column_text][vc_empty_space][vc_column_inner width=&#8220;2\/6&#8243;][vc_single_image image=&#8220;1035&#8243; img_size=&#8220;large&#8220; onclick=&#8220;custom_link&#8220; link=&#8220;hthttp:\/\/ergo-plus-seating.de\/wp-content\/uploads\/2020\/06\/POSE-2019.pdf&#8220;][vc_btn title=&#8220;DOWNLOAD POSE BOGEN&#8220; color=&#8220;sky&#8220; size=&#8220;lg&#8220; link=&#8220;url:http%3A%2F%2Fergo-plus-seating.de%2Fwp-content%2Fuploads%2F2020%2F09%2FPOSE-ERGO-plus-mit-EVK.pdf|title:Download%20POSE%20Bogen|target:_blank&#8220;][\/vc_column_inner][vc_column_inner width=&#8220;4\/6&#8243;][vc_column_text]Viele Menschen haben beim Sitzen aufgrund unterschiedlicher orthop\u00e4discher und neurologischer Problematiken individuelle Bed\u00fcrfnisse, denen ein Standard-Stuhl nicht gerecht wird. Hier setzt unser POSE-Bogen an, mit dem Sie als Kunde uns Ihre Ma\u00dfe, Proportionen und Problematiken mitteilen k\u00f6nnen. Unsere Experten analysieren diese Daten dann nach Eingang und erarbeiten eine f\u00fcr Sie passende Sitzl\u00f6sung, die:<\/p>\n<ul>\n<li>auf Ihre Bed\u00fcrfnisse zugeschnitten ist<\/li>\n<li>auf Asymmetrien und Einschr\u00e4nkungen R\u00fccksicht nimmt<\/li>\n<li>eine Integration in den Arbeitsalltag erm\u00f6glicht<\/li>\n<li>Sie wieder mobil macht<\/li>\n<\/ul>\n<p>In der Regel lassen sich viele Sitzl\u00f6sungen mit Hilfe unseres POSE Bogens erarbeiten. Falls aus dem POSE-Bogen und einer eventuellen telefonischen R\u00fccksprache klar wird, dass nur eine Vor-Ort-Termin das Optimum einer Sitzl\u00f6sung f\u00fcr Sie generiert, kommen unsere erfahrenen und gut geschulten Mitarbeiter zu Ihnen an den Arbeitsplatz oder zu Ihnen nach Hause. Hier f\u00fchren wir dann eine Stuhlanpassung durch und kl\u00e4ren die notwendigen individuellen Details. Wenn wir gehen, sollen Sie das Gef\u00fchl haben, dass alles besprochen ist.[\/vc_column_text][\/vc_column_inner][vc_column_inner width=&#8220;2\/6&#8243;][\/vc_column_inner][vc_column_inner width=&#8220;4\/6&#8243;][\/vc_column_inner][\/vc_column][\/vc_row][vc_row][vc_column][vc_single_image image=&#8220;1761&#8243; img_size=&#8220;full&#8220;][vc_empty_space][vc_column_text]\n<h2>ANGEBOT<\/h2>\n[\/vc_column_text][vc_custom_heading text=&#8220;SIE SIND DAS MASS ALLER DINGE&#8220; google_fonts=&#8220;font_family:Droid%20Sans%3Aregular%2C700|font_style:400%20regular%3A400%3Anormal&#8220;][vc_column_text]Nach dem Erhalt des von Ihnen ausgef\u00fcllten POSE-Bogens erstellen unsere Stuhlexperten ein auf Ihre Problematiken und Bed\u00fcrfnisse individuell abgestimmtes Angebot. Unsere Angebote bestehen in der Regel immer aus<\/p>\n<ul>\n<li>Angebotsschreiben in dem wir die Optionen, die wir gew\u00e4hlt haben, begr\u00fcnden<\/li>\n<li>Kostenvoranschlag in dem jede Option f\u00fcr optimale Transparenz separat aufgelistet wird<\/li>\n<li>Informationsunterlagen und Antragsformulare zur Einreichung bei einem Kostentr\u00e4ger<\/li>\n<li>Produktflyer<\/li>\n<li>Links zu Produktvideos auf unserem Vimeo- und Youtubekanal<\/li>\n<\/ul>\n<p>Unsere Angebote sind von Haus aus 180 Tage g\u00fcltig. Auf Anfrage verl\u00e4ngern wir diese Frist gerne, da die Beantragung bei einem Kostentr\u00e4ger schon mal \u00fcber diese Zeit hinausgehen kann. Gerne begleiten wir Sie auch beratend beim Proze\u00df der Antragstellung bei einem Kostentr\u00e4ger.[\/vc_column_text][vc_single_image image=&#8220;1761&#8243; img_size=&#8220;full&#8220;][vc_empty_space][vc_column_text]\n<h2>Individuelle Anpassung<\/h2>\n[\/vc_column_text][vc_custom_heading text=&#8220;INDIVIDUELLE SITZL\u00d6SUNGEN F\u00dcR INDIVIDUELLE BED\u00dcRFNISSE&#8220; google_fonts=&#8220;font_family:Droid%20Sans%3Aregular%2C700|font_style:400%20regular%3A400%3Anormal&#8220;][vc_column_text]Zu einer Stuhlanpassung kommen wir direkt vor Ort zu Ihnen auf die Arbeit oder nach Hause und kl\u00e4ren die entsprechenden Details, die f\u00fcr eine optimale Sitzl\u00f6sung notwendig sind. Hierbei k\u00f6nnen wir in Kombination mit unserem MFS-Stuhlsystem auf 1001 Kombinations- und Konfigurationsm\u00f6glichkeiten zur\u00fcckgreifen. Selbst au\u00dfergew\u00f6hnliche Sonderl\u00f6sungen sind f\u00fcr uns kein Problem.<\/p>\n<p>Bei unserer Anpassung stehen Sie im Mittelpunkt unseres Interesses, da Sie Ihre Problematik am besten kennen und Sie wissen und sp\u00fcren, was Ihnen gut tut. Als Team erarbeiten wir mit Ihnen zusammen eine L\u00f6sung, die Ihren Alltag nachhaltig verbessert.[\/vc_column_text][vc_custom_heading text=&#8220;WIR HABEN NUR EIN ZIEL&#8230;&#8220; google_fonts=&#8220;font_family:Droid%20Sans%3Aregular%2C700|font_style:400%20regular%3A400%3Anormal&#8220;][vc_column_text]Eine Sitzl\u00f6sung&#8230;<\/p>\n<ul>\n<li>die Sie so noch nicht gekannt haben<\/li>\n<li>die optimal zu Ihnen passt<\/li>\n<li>die Ihre Schmerzen lindert bzw. reduziert<\/li>\n<li>die Ihnen Sicherheit gibt<\/li>\n<li>die Sie in die Lage versetzt Dinge zu tun, die vorher unm\u00f6glich waren<\/li>\n<\/ul>\n[\/vc_column_text][vc_single_image image=&#8220;1761&#8243; img_size=&#8220;full&#8220;][vc_empty_space][vc_column_text]\n<h2>Einweisung<\/h2>\n[\/vc_column_text][vc_custom_heading text=&#8220;NUR WAS MAN WEISS, KANN MAN AUCH TUN.&#8220; google_fonts=&#8220;font_family:Droid%20Sans%3Aregular%2C700|font_style:400%20regular%3A400%3Anormal&#8220;][vc_column_text]Uns ist es wichtig, da\u00df Sie mit Ihrem Stuhl und seinen Einstellm\u00f6glichkeiten vertraut sind. Nur so k\u00f6nnen Sie das Optimum aus Ihrer Sitzl\u00f6sung herausholen. Hierzu erhalten Sie von uns eine ausgedruckte Bedienungsanleitung mit Ihrer Lieferung und zus\u00e4tzlich eine Bedienungsanleitung per E-Mail. In dieser Mail schicken wir Ihnen auch Links zu unseren Produkt- und Bedienungsvideos.<\/p>\n<p>Die Bedienungsanleitungen und Videos finden Sie zudem auch auf dieser Website im Downloadbereich.<\/p>\n<p>Bei aufwendigeren und\/oder elektronischen Sitzl\u00f6sungen kommen wir mit dem Produkt vor Ort und weisen Sie pers\u00f6nlich in die Handhabung ein. Wir gehen erst wieder, wenn Sie mit dem Produkt richtig umgehen k\u00f6nnen. Sobald Ihnen s\u00e4mtliche Funktionen vertraut sind, wird Ihre Sitzl\u00f6sung ein wertvoller Gef\u00e4hrte, den Sie bald nicht mehr missen m\u00f6chten.[\/vc_column_text][vc_custom_heading text=&#8220;WIR LASSEN SIE NICHT EINFACH SITZEN\u2026&#8220; google_fonts=&#8220;font_family:Droid%20Sans%3Aregular%2C700|font_style:400%20regular%3A400%3Anormal&#8220;][vc_column_text]Sollten nach unserer Einweisung noch Unklarheiten bestehen oder sich aber Fragen durch die t\u00e4gliche Nutzung ergeben, sind wir mit unserer Kundenhotline f\u00fcr Sie da. Gerne helfen wir Ihnen weiter damit alles klappt.[\/vc_column_text][\/vc_column][\/vc_row]\n","protected":false},"excerpt":{"rendered":"<p>[vc_row full_width=&#8220;stretch_row&#8220; css=&#8220;.vc_custom_1605523080865{background-image: url(http:\/\/ergo-plus-seating.de\/wp-content\/uploads\/2020\/10\/03.jpg?id=1512) !important;}&#8220;][vc_column css=&#8220;.vc_custom_1605523509251{padding-top: 50px !important;padding-bottom: 40px !important;}&#8220;][vc_column_text] Nur 4 Schritte entfernt von Ihrer Sitzl\u00f6sung [\/vc_column_text][\/vc_column][\/vc_row][vc_row full_width=&#8220;stretch_row&#8220; css=&#8220;.vc_custom_1605254969401{padding-top:&#8230;<\/p>\n","protected":false},"author":1,"featured_media":0,"parent":0,"menu_order":0,"comment_status":"closed","ping_status":"closed","template":"","meta":[],"_links":{"self":[{"href":"https:\/\/ergo-plus-seating.de\/index.php?rest_route=\/wp\/v2\/pages\/1032"}],"collection":[{"href":"https:\/\/ergo-plus-seating.de\/index.php?rest_route=\/wp\/v2\/pages"}],"about":[{"href":"https:\/\/ergo-plus-seating.de\/index.php?rest_route=\/wp\/v2\/types\/page"}],"author":[{"embeddable":true,"href":"https:\/\/ergo-plus-seating.de\/index.php?rest_route=\/wp\/v2\/users\/1"}],"replies":[{"embeddable":true,"href":"https:\/\/ergo-plus-seating.de\/index.php?rest_route=%2Fwp%2Fv2%2Fcomments&post=1032"}],"version-history":[{"count":41,"href":"https:\/\/ergo-plus-seating.de\/index.php?rest_route=\/wp\/v2\/pages\/1032\/revisions"}],"predecessor-version":[{"id":1762,"href":"https:\/\/ergo-plus-seating.de\/index.php?rest_route=\/wp\/v2\/pages\/1032\/revisions\/1762"}],"wp:attachment":[{"href":"https:\/\/ergo-plus-seating.de\/index.php?rest_route=%2Fwp%2Fv2%2Fmedia&parent=1032"}],"curies":[{"name":"wp","href":"https:\/\/api.w.org\/{rel}","templated":true}]}}